{"id":809,"date":"2018-01-18T21:35:06","date_gmt":"2018-01-18T21:35:06","guid":{"rendered":"http:\/\/kiadvanytervezes.hu\/?page_id=809"},"modified":"2026-02-13T18:02:35","modified_gmt":"2026-02-13T18:02:35","slug":"ez-vagyok-en","status":"publish","type":"page","link":"https:\/\/www.icsurenata.hu\/index.php\/ez-vagyok-en\/","title":{"rendered":"\u00c9n . Me"},"content":{"rendered":"<p><img loading=\"lazy\" class=\"aligncenter wp-image-1594 size-thumbnail\" src=\"http:\/\/www.icsurenata.hu\/wp-content\/uploads\/2018\/02\/IMG_8372_retus-150x150.jpg\" alt=\"\" width=\"150\" height=\"150\" \/><\/p>\n<p><span style=\"color: #999999;\"><em>(english below)<\/em><\/span><\/p>\n<p>&nbsp;<\/p>\n<p>Icsu Ren\u00e1ta vagyok. 1979-ben sz\u00fclettem Hajd\u00fan\u00e1n\u00e1son. A Hajd\u00fa-Bihar megyei Polg\u00e1ron n\u0151ttem fel.<\/p>\n<p>Ha jobban rajzoltam volna, \u00e1ltal\u00e1nos iskola ut\u00e1n keramikusnak tanultam volna. De csak gimnazist\u00e1nak, \u00fcgyint\u00e9z\u0151 titk\u00e1rnak, \u00e9s gazdas\u00e1gi informatikusnak tanultam.<\/p>\n<p>Azt\u00e1n k\u00f6zgazd\u00e1sz diplom\u00e1m lett, de semmi komoly, csak marketinges.<\/p>\n<p>Voltam gyakornok rekl\u00e1m\u00fcgyn\u00f6ks\u00e9gn\u00e9l, pr\u00f3b\u00e1ltam marketing menedzser lenni panellak\u00e1s irod\u00e1ban, de egyik sem tetszett. Alkot\u00f3 szellemem fell\u00e1zadt az elnyom\u00e1s ellen. Grafikus szerettem volna lenni. N\u00e9mi tanul\u00e1s \u00e9s sok gyakorl\u00e1s ut\u00e1n egyszer csak az is lettem.<\/p>\n<p>Ja, b\u00fatorm\u0171ves is lehetn\u00e9k. Arr\u00f3l is van pap\u00edrom.<\/p>\n<p>Arr\u00f3l meg a b\u00e1ty\u00e1m tehet, hogy fot\u00f3zom is. 2016 elej\u00e9n nekem adta a 400D-j\u00e9t. Megtanultam haszn\u00e1lni. Megtanultam f\u00e9nyk\u00e9pezni. Mindent f\u00e9nyk\u00e9peztem. De valami nem volt rendben.<\/p>\n<p>A MOME fot\u00f3s tanfolyam\u00e1n kider\u00fclt, hogy az nem volt rendben, hogy nem azt fot\u00f3ztam, ami \u00e9rdekelt. A felkavar\u00f3, az elgondolkodtat\u00f3, a val\u00f3s\u00e1gon t\u00falmutat\u00f3 \u00e9rdekel (persze nem minden k\u00e9pem ilyen). \u00c9s \u00fagy v\u00e1lnak ezek a k\u00e9pek m\u00e9g \u00e9rdekesebb\u00e9, hogy nem k\u00e9pszerkeszt\u0151vel vannak \u00f6sszerakva. Mert \u00fagy k\u00f6nny\u0171.\u00a0Van rajtuk ut\u00f3munka (egyiken t\u00f6bb, m\u00e1sikon kevesebb), de jelent\u0151sebb elemeket nem teszek r\u00e1juk, \u00e9s nem is veszek le r\u00f3luk.<\/p>\n<p>\u00c9s nem szeretek m\u00e1sokat f\u00e9nyk\u00e9pezni. Zavarban vagyok m\u00e1sok el\u0151tt. Biztos, most is \u00e9pp zavarban vagyok valahol. Ez\u00e9rt egyed\u00fcl fot\u00f3zom, legt\u00f6bbsz\u00f6r. Egyed\u00fcl, magamat. Lehet, hogy egyszer majd m\u00e1sokat is fogok, de most m\u00e9g nem.<\/p>\n<p>Nem vagyok fot\u00f3s, sem f\u00e9nyk\u00e9p\u00e9sz. Grafikus vagyok. Vagyis ink\u00e1bb kiadv\u00e1nyszerkeszt\u0151. Meg k\u00e9pszerkeszt\u0151. De egyik sem igaz\u00e1n. Nem tudom, hogy mi vagyok, de az biztos, hogy ezek mellett f\u00e9nyk\u00e9peket is k\u00e9sz\u00edtek.<\/p>\n<p style=\"text-align: center;\"><span id=\"result_box\" class=\"\" lang=\"en\" style=\"color: #999999;\"> &#8230;<span id=\"result_box\" class=\"\" lang=\"en\"><\/span><span id=\"result_box\" class=\"\" lang=\"en\"><\/span><\/span><strong><br \/>\n<\/strong><\/p>\n<p><strong>\u00d6n\u00e1ll\u00f3 ki\u00e1ll\u00edt\u00e1sok . <span id=\"result_box\" class=\"short_text\" lang=\"en\"><span class=\"\">Solo exhibitions<\/span><\/span><\/strong><\/p>\n<p style=\"padding-left: 30px;\"><span id=\"fbPhotoSnowliftCaption\" class=\"fbPhotosPhotoCaption\" tabindex=\"0\" aria-live=\"polite\" data-ft=\"{&quot;tn&quot;:&quot;K&quot;}\"><span class=\"hasCaption\"><span class=\"fbPhotosPhotoCaption\" style=\"color: #999999;\" tabindex=\"0\" aria-live=\"polite\" data-ft=\"{&quot;tn&quot;:&quot;K&quot;}\"><span class=\"fbPhotosPhotoCaption\" tabindex=\"0\" aria-live=\"polite\" data-ft=\"{&quot;tn&quot;:&quot;K&quot;}\"><a href=\"https:\/\/www.icsurenata.hu\/index.php\/2023\/03\/13\/onallo-kiallitas-solo-exhibition\/?preview_id=4925&amp;preview_nonce=bb088238af&amp;_thumbnail_id=4963&amp;preview=true\" target=\"_blank\" rel=\"noopener\">A val\u00f3s\u00e1gon t\u00fal<\/a> \u00a0 \u00a0\u00a0<span class=\"x193iq5w xeuugli x13faqbe x1vvkbs x1xmvt09 x1lliihq x1s928wv xhkezso x1gmr53x x1cpjm7i x1fgarty x1943h6x xudqn12 x3x7a5m x6prxxf xvq8zen xo1l8bm xzsf02u x1yc453h\" dir=\"auto\">Ady Endre M\u0171vel\u0151d\u00e9si K\u00f6zpont \u00e9s K\u00f6nyvt\u00e1r<\/span>, Polg\u00e1r, 2023.<\/span><\/span><br \/>\n<a href=\"http:\/\/www.icsurenata.hu\/index.php\/2018\/02\/11\/i-onallo-kiallitas-bisztronyul\/\" target=\"_blank\" rel=\"noopener\">Feketetoll\u00fa<\/a>\u00a0 \u00a0 \u00a0<span style=\"color: #999999;\">Bisztr\u00f3ny\u00fal, Budapest,\u00a0<\/span><\/span><\/span><span class=\"fbPhotosPhotoCaption\" style=\"color: #999999;\" tabindex=\"0\" aria-live=\"polite\" data-ft=\"{&quot;tn&quot;:&quot;K&quot;}\"><span class=\"fbPhotosPhotoCaption\" tabindex=\"0\" aria-live=\"polite\" data-ft=\"{&quot;tn&quot;:&quot;K&quot;}\"><span class=\"hasCaption\">2017.<br \/>\n<\/span><\/span><\/span><\/p>\n<p><strong>Csoportos ki\u00e1ll\u00edt\u00e1sok . <span id=\"result_box\" class=\"short_text\" lang=\"en\"><span class=\"\">Group exhibitions<\/span><\/span><\/strong><\/p>\n<p style=\"padding-left: 30px;\"><a href=\"http:\/\/www.icsurenata.hu\/index.php\/2021\/04\/11\/kirakat-kiallitas-halszajoptika-window-exhibition\/\" target=\"_blank\" rel=\"noopener\">Halsz\u00e1joptika: Infern\u00e1lis b\u0171n\u00f6k \u2013 Dante k\u00f6rei<\/a> <span id=\"fbPhotoSnowliftCaption\" class=\"fbPhotosPhotoCaption\" tabindex=\"0\" aria-live=\"polite\" data-ft=\"{&quot;tn&quot;:&quot;K&quot;}\"><span class=\"hasCaption\">\u00a0 \u00a0\u00a0<span style=\"color: #999999;\">Kispont Gal\u00e9ria, Budapest, 2021.<\/span><\/span><\/span><br \/>\n<a href=\"http:\/\/www.icsurenata.hu\/index.php\/2020\/09\/14\/kiallitas-minek-kollektiva-exhibition-2\/?fbclid=IwAR3x3sScGLTPZ3A06lJAkCALb-KvoFLYOssv4oXrledNG2z59lvwEiCJE7Q\" target=\"_blank\" rel=\"noopener\">Minek Kollekt\u00edva &#8211; Szil\u00e1nkok<\/a><span id=\"fbPhotoSnowliftCaption\" class=\"fbPhotosPhotoCaption\" tabindex=\"0\" aria-live=\"polite\" data-ft=\"{&quot;tn&quot;:&quot;K&quot;}\"><span class=\"hasCaption\">\u00a0 \u00a0\u00a0 <span style=\"color: #999999;\">Kaleidoszk\u00f3p H\u00e1z, Esztergom, 2020.<\/span><\/span><\/span><br \/>\n<a href=\"http:\/\/www.icsurenata.hu\/?p=3662&amp;preview=true\" target=\"_blank\" rel=\"noopener\">Minek Kollekt\u00edva &#8211; Teremt\u00e9s<\/a><span id=\"fbPhotoSnowliftCaption\" class=\"fbPhotosPhotoCaption\" tabindex=\"0\" aria-live=\"polite\" data-ft=\"{&quot;tn&quot;:&quot;K&quot;}\"><span class=\"hasCaption\">\u00a0 \u00a0\u00a0 <span style=\"color: #999999;\">Art9 Gal\u00e9ria, Budapest, 2019.<\/span><\/span><\/span><br \/>\n<a href=\"http:\/\/www.icsurenata.hu\/index.php\/2018\/02\/12\/fondation-alliance-francaise-kiallitas-2018\/\" target=\"_blank\" rel=\"noopener\">Fondation Alliance Francaise\u00a0&#8211; Divat \u00e9s \u00f6lt\u00f6zk\u00f6d\u00e9si szok\u00e1sok<\/a><span id=\"fbPhotoSnowliftCaption\" class=\"fbPhotosPhotoCaption\" tabindex=\"0\" aria-live=\"polite\" data-ft=\"{&quot;tn&quot;:&quot;K&quot;}\"><span class=\"hasCaption\">\u00a0 \u00a0 \u00a0<\/span><\/span><span style=\"color: #999999;\"><span class=\"_5yl5\">Tiszavir\u00e1g Hotel<\/span>, <span id=\"fbPhotoSnowliftCaption\" class=\"fbPhotosPhotoCaption\" tabindex=\"0\" aria-live=\"polite\" data-ft=\"{&quot;tn&quot;:&quot;K&quot;}\"><span class=\"hasCaption\">Szeged,<\/span><\/span> 2018.<\/span><br \/>\n<a href=\"http:\/\/www.icsurenata.hu\/index.php\/2018\/04\/26\/1-hely-es-kiallitas-marie-claire-1st-place-and-exhibition\/\" target=\"_blank\" rel=\"noopener\">Marie Claire &#8211; A n\u0151i l\u00e9t soksz\u00edn\u0171s\u00e9ge<\/a><span id=\"fbPhotoSnowliftCaption\" class=\"fbPhotosPhotoCaption\" tabindex=\"0\" aria-live=\"polite\" data-ft=\"{&quot;tn&quot;:&quot;K&quot;}\"><span class=\"hasCaption\">\u00a0 \u00a0 \u00a0<\/span><\/span><span style=\"color: #999999;\">Allee, Budapest, 2018.<br \/>\n<\/span><span id=\"fbPhotoSnowliftCaption\" class=\"fbPhotosPhotoCaption\" tabindex=\"0\" aria-live=\"polite\" data-ft=\"{&quot;tn&quot;:&quot;K&quot;}\"><span class=\"hasCaption\"><a href=\"http:\/\/www.icsurenata.hu\/index.php\/2018\/02\/12\/budapest-foto-fesztival-kiallitas-2018\/\" target=\"_blank\" rel=\"noopener\">Budapest Fot\u00f3fesztiv\u00e1l &#8211; Cs\u00f6ndesen<\/a><em>\u00a0 \u00a0 \u00a0<\/em><span style=\"color: #999999;\">Kiscelli M\u00fazeum, Budapest, 2018.<br \/>\n<\/span><\/span><\/span><a href=\"http:\/\/www.icsurenata.hu\/index.php\/2018\/02\/11\/nikon7-2017\/\" target=\"_blank\" rel=\"noopener\">Nikon7<\/a>\u00a0 \u00a0 \u00a0<span style=\"color: #999999;\"><span style=\"color: #999999;\"><span style=\"color: #999999;\"><span style=\"color: #999999;\"><span id=\"fbPhotoSnowliftCaption\" class=\"fbPhotosPhotoCaption\" tabindex=\"0\" aria-live=\"polite\" data-ft=\"{&quot;tn&quot;:&quot;K&quot;}\"><span class=\"hasCaption\">Capa K\u00f6zpont,\u00a0Budapest, <\/span><\/span><span class=\"fbPhotosPhotoCaption\" tabindex=\"0\" aria-live=\"polite\" data-ft=\"{&quot;tn&quot;:&quot;K&quot;}\"><span class=\"fbPhotosPhotoCaption\" tabindex=\"0\" aria-live=\"polite\" data-ft=\"{&quot;tn&quot;:&quot;K&quot;}\"><span class=\"fbPhotosPhotoCaption\" tabindex=\"0\" aria-live=\"polite\" data-ft=\"{&quot;tn&quot;:&quot;K&quot;}\"><span class=\"fbPhotosPhotoCaption\" tabindex=\"0\" aria-live=\"polite\" data-ft=\"{&quot;tn&quot;:&quot;K&quot;}\"><span class=\"fbPhotosPhotoCaption\" tabindex=\"0\" aria-live=\"polite\" data-ft=\"{&quot;tn&quot;:&quot;K&quot;}\"><span class=\"hasCaption\"><span style=\"color: #999999;\">2017.<br \/>\n<\/span><\/span><\/span><\/span><\/span><\/span><\/span><\/span><\/span><\/span><\/span><a href=\"http:\/\/www.icsurenata.hu\/index.php\/2018\/02\/11\/sajtofoto-kiallitas-2017\/\" target=\"_blank\" rel=\"noopener\">35. Magyar Sajt\u00f3fot\u00f3 Ki\u00e1ll\u00edt\u00e1s<\/a>\u00a0\u00a0<span style=\"color: #999999;\"><span id=\"fbPhotoSnowliftCaption\" class=\"fbPhotosPhotoCaption\" tabindex=\"0\" aria-live=\"polite\" data-ft=\"{&quot;tn&quot;:&quot;K&quot;}\"><span class=\"hasCaption\">a Canon k\u00fcl\u00f6n p\u00e1ly\u00e1zata\u00a0 \u00a0 \u00a0<\/span><\/span><span id=\"fbPhotoSnowliftCaption\" class=\"fbPhotosPhotoCaption\" tabindex=\"0\" aria-live=\"polite\" data-ft=\"{&quot;tn&quot;:&quot;K&quot;}\"><span class=\"hasCaption\">Capa K\u00f6zpont, Budapest, <\/span><\/span><\/span><span id=\"fbPhotoSnowliftCaption\" class=\"fbPhotosPhotoCaption\" style=\"color: #999999;\" tabindex=\"0\" aria-live=\"polite\" data-ft=\"{&quot;tn&quot;:&quot;K&quot;}\"><span class=\"hasCaption\"><span style=\"color: #999999;\">2017.\u00a0<\/span><\/span><\/span><span id=\"result_box\" class=\"\" lang=\"en\"><\/span><\/p>\n<p><strong>D\u00edjak . <span id=\"result_box\" class=\"\" lang=\"en\"><span class=\"\">Awards<\/span><\/span><\/strong><\/p>\n<p style=\"padding-left: 30px;\"><a href=\"https:\/\/www.wpeawards.com\/rubrique\/galleries.php?id_contest=9&amp;id_archive_category=164\" target=\"_blank\" rel=\"noopener\">1.\u00a0 hely<\/a>\u00a0 \u00a0 <span style=\"color: #999999;\">WPE Awards &#8211; Egyedi portr\u00e9 kateg\u00f3ria, 2021.<\/span><br \/>\n<a href=\"https:\/\/www.facebook.com\/pg\/nikon.hu\/photos\/?tab=album&amp;album_id=2819924964693091&amp;__xts__%5B0%5D=68.ARAy-01aM25BKb87oZmkIiKxzzngb-ltM0iBUVgGKY-XH9ujXlQZRYaoEA0O6L2Gu8XDigeZTp-mowCjmnd6q9S2tlBnQm_TkWuY5Vwu_VQiJZFPbM1MHzj8PBWz0l64a_bX8Z8oRAPq7cueQQ9it9H3eJP5UorH7RsaB9RY3sskBolrvvX0FbT_vFmqKeXie4LWNNAbUocpiZgfXfbDuWuWzavhw_OznOtaYl7J6i89onC1moJ-PR3fW1NkiuM4ZSdUWB0aFfOff57PBb7U8QgEXRaEGEl_lG8BdoY9oGt445175bm-uxHq_tGBHr5aWFVR1RvteFAKeaYMu804EGUyW5nMTqTrTmxwxY38_EDy_qcPqU3H7F1Hx4RbkoMdxoHAD3ZIg7VRj3bg68kQTysubkbA4y3033sM6zHKldR4EdBKerYaP1Atf0H8q49AEzQ3uZI_r4D5h-cPnHG0&amp;__tn__=-UC-R\" target=\"_blank\" rel=\"noopener\">2. hely<\/a>\u00a0 \u00a0 <span style=\"color: #999999;\">Nikon Story &#8211; Nem mindennapi mindennapok kateg\u00f3ria, 2019.<\/span><br \/>\n<a href=\"http:\/\/www.icsurenata.hu\/index.php\/2018\/05\/16\/100-legjobb-foto-2017-35awards-100-best-photos-of-2017\/\" target=\"_blank\" rel=\"noopener\">els\u0151 5 k\u00f6z\u00f6tt<\/a> \u00a0\u00a0\u00a0 <span style=\"color: #999999;\">35Awards &#8211; Konceptu\u00e1lis kateg\u00f3ria, 2018.<\/span><br \/>\n<a href=\"https:\/\/marieclaire.hu\/napi-favorit\/2018\/04\/26\/var-a-noi-let-sokszinusege-fotopalyazat-kiallitas-az-allee-ban\/\" target=\"_blank\" rel=\"noopener\">1. hely<\/a><span id=\"fbPhotoSnowliftCaption\" class=\"fbPhotosPhotoCaption\" tabindex=\"0\" aria-live=\"polite\" data-ft=\"{&quot;tn&quot;:&quot;K&quot;}\"><span class=\"hasCaption\">\u00a0<\/span><\/span><span style=\"color: #999999;\"><span id=\"fbPhotoSnowliftCaption\" class=\"fbPhotosPhotoCaption\" tabindex=\"0\" aria-live=\"polite\" data-ft=\"{&quot;tn&quot;:&quot;K&quot;}\"><span class=\"hasCaption\"> \u00a0 \u00a0<\/span><\/span><\/span><span style=\"color: #000000;\"><span style=\"color: #999999;\">Marie Claire &#8211; A n\u0151i l\u00e9t soksz\u00edn\u0171s\u00e9ge, 2018.<\/span><br \/>\n<\/span><a href=\"https:\/\/www.viewbug.com\/contests\/viewbug-photography-awards\" target=\"_blank\" rel=\"noopener\">k\u00fcl\u00f6nd\u00edj<\/a><span style=\"color: #000000;\"><span style=\"color: #999999;\"><span id=\"fbPhotoSnowliftCaption\" class=\"fbPhotosPhotoCaption\" tabindex=\"0\" aria-live=\"polite\" data-ft=\"{&quot;tn&quot;:&quot;K&quot;}\"><span class=\"hasCaption\">\u00a0 \u00a0 \u00a0<\/span><\/span><\/span><\/span><span style=\"color: #999999;\">ViewBug Photography Awards &#8211; Fekete-feh\u00e9r kateg\u00f3ria, 2018.<br \/>\n<\/span><a href=\"http:\/\/www.fondation-alliancefr.org\/?p=32389\" target=\"_blank\" rel=\"noopener\">k\u00fcl\u00f6nd\u00edj<\/a><span style=\"color: #999999;\"><span id=\"fbPhotoSnowliftCaption\" class=\"fbPhotosPhotoCaption\" tabindex=\"0\" aria-live=\"polite\" data-ft=\"{&quot;tn&quot;:&quot;K&quot;}\"><span class=\"hasCaption\">\u00a0 \u00a0 \u00a0<\/span><\/span><\/span><span style=\"color: #999999;\">Fondation Alliance Francaise\u00a0&#8211; Divat \u00e9s \u00f6lt\u00f6zk\u00f6d\u00e9si szok\u00e1sok, 2017.<br \/>\n<\/span><a href=\"https:\/\/www.facebook.com\/pg\/nikon.hu\/photos\/?tab=album&amp;album_id=1828162760535988\" target=\"_blank\" rel=\"noopener\">6. hely<\/a><span style=\"color: #999999;\"><span id=\"fbPhotoSnowliftCaption\" class=\"fbPhotosPhotoCaption\" tabindex=\"0\" aria-live=\"polite\" data-ft=\"{&quot;tn&quot;:&quot;K&quot;}\"><span class=\"hasCaption\">\u00a0 \u00a0 \u00a0<\/span><\/span>Nikon7, 2017.<br \/>\n<\/span><\/p>\n<p><strong>\u00cdr\u00e1sok . <span id=\"result_box\" class=\"\" lang=\"en\"><span class=\"\">Writings<\/span><\/span><\/strong><\/p>\n<p style=\"padding-left: 30px;\"><span style=\"color: #999999;\"><span id=\"fbPhotoSnowliftCaption\" class=\"fbPhotosPhotoCaption\" tabindex=\"0\" aria-live=\"polite\" data-ft=\"{&quot;tn&quot;:&quot;K&quot;}\"><span class=\"hasCaption\"><a href=\"http:\/\/www.icsurenata.hu\/index.php\/2020\/09\/24\/interju-fotovideo-magazin-interview\/\" target=\"_blank\" rel=\"noopener\">interj\u00fa<\/a>\u00a0 \u00a0 \u00a0Fot\u00f3Vide\u00f3 Magazin, 2020.<br \/>\n<a href=\"http:\/\/www.icsurenata.hu\/index.php\/2020\/06\/08\/szovegek-kepekhez-ii-halszajoptika-texts-for-images-ii\/\" target=\"_blank\" rel=\"noopener\">sz\u00f6vegek k\u00e9pekhez II.<\/a>\u00a0 \u00a0 \u00a0Halsz\u00e1joptika k\u00e9pirodalmi h\u00e1l\u00f3zat, 2019-2020.<br \/>\n<a href=\"http:\/\/www.icsurenata.hu\/index.php\/2018\/11\/15\/interju-fondation-alliance-francaise-interview\/\" target=\"_blank\" rel=\"noopener\">interj\u00fa<\/a>\u00a0 \u00a0 \u00a0D\u00e9lmagyarorsz\u00e1g, 2018.<br \/>\n<a href=\"http:\/\/www.icsurenata.hu\/index.php\/2018\/05\/14\/interju-marie-claire-interview\/\" target=\"_blank\" rel=\"noopener\">interj\u00fa<\/a>\u00a0 \u00a0\u00a0 <\/span><\/span><\/span><span style=\"color: #999999;\">Marie Clair<\/span><span style=\"color: #999999;\">e, 2018.<\/span><br \/>\n<a href=\"http:\/\/www.icsurenata.hu\/index.php\/2018\/02\/12\/a-halszajoptika-blog-szovegei\/\" target=\"_blank\" rel=\"noopener\">sz\u00f6vegek k\u00e9pekhez I.<\/a><span style=\"color: #999999;\"><span id=\"fbPhotoSnowliftCaption\" class=\"fbPhotosPhotoCaption\" tabindex=\"0\" aria-live=\"polite\" data-ft=\"{&quot;tn&quot;:&quot;K&quot;}\"><span class=\"hasCaption\">\u00a0 \u00a0 \u00a0<\/span><\/span><\/span><span style=\"color: #999999;\">Varga Imre, Halsz\u00e1joptika blog, 2017.<\/span><em><span style=\"color: #999999;\"><br \/>\n<\/span><\/em><\/p>\n<p><strong>Illusztr\u00e1l\u00e1s . Illustration<\/strong><\/p>\n<p style=\"padding-left: 30px;\"><span id=\"fbPhotoSnowliftCaption\" class=\"fbPhotosPhotoCaption\" tabindex=\"0\" aria-live=\"polite\" data-ft=\"{&quot;tn&quot;:&quot;K&quot;}\"><span class=\"hasCaption\"><a href=\"http:\/\/www.icsurenata.hu\/index.php\/2019\/05\/02\/falcsik-mari-az-igazi-ido-versek-illusztralasa-mari-falcsik-the-real-time-illustration-of-poems\/\" target=\"_blank\" rel=\"noopener\">versek<\/a>\u00a0 \u00a0\u00a0<span style=\"color: #999999;\"><span class=\" _50f7\">Falcsik Mari<\/span><\/span><span style=\"color: #999999;\">: Eml\u00e9kez\u00e9s Albertre \u00e9s Csal\u00e1di \u00e1llapot, 2019.<\/span><br \/>\n<a href=\"http:\/\/www.icsurenata.hu\/index.php\/2019\/02\/01\/varratszedes-verseskotet-illusztralas-stitch-remove-illustration-of-a-poetry-book\/\" target=\"_blank\" rel=\"noopener\">versesk\u00f6tet<\/a>\u00a0 \u00a0\u00a0 <\/span><\/span><span style=\"color: #999999;\"><span id=\"fbPhotoSnowliftCaption\" class=\"fbPhotosPhotoCaption\" tabindex=\"0\" aria-live=\"polite\" data-ft=\"{&quot;tn&quot;:&quot;K&quot;}\"><span class=\"hasCaption\">Szab\u00f3 Pal\u00f3cz Attila: Varratszed\u00e9s<\/span><\/span>, 2019.<\/span><\/p>\n<p><strong>Mozg\u00f3k\u00e9pek . Movies<br \/>\n<\/strong><\/p>\n<p style=\"padding-left: 30px;\"><span style=\"color: #999999;\"><a href=\"https:\/\/www.youtube.com\/watch?v=uZk67yUwfpA&amp;feature=youtu.be&amp;fbclid=IwAR0xJ0M8eiYt0vI-dSWiGcSowvwPKgFLkiKuyd1dW2vSwpCpt6xNpjZlr3w\" target=\"_blank\" rel=\"noopener\"><span class=\" _50f7\">ki\u00e1ll\u00edt\u00e1s megnyit\u00f3<\/span><\/a><span class=\" _50f7\">\u00a0 \u00a0 \u00a0\u00a0<\/span>Minek kollekt\u00edva &#8211; Teremt\u00e9s<span class=\" _50f7\">, Art9 Gal\u00e9ria, Budapest, 2019.<\/span><br \/>\n<a href=\"https:\/\/www.youtube.com\/watch?v=v32CY1OJnCc\" target=\"_blank\" rel=\"noopener\">versek \u00e9s vet\u00edt\u00e9s<\/a>\u00a0\u00a0<\/span><span style=\"color: #999999;\">21:00-n\u00e1l \u00e9s 25:17-n\u00e9l<span class=\" _50f7\">\u00a0 \u00a0 \u00a0Falcsik Mari versesk\u00f6tet bemutat\u00f3ja,\u00a0<\/span>MERSZ klub, Budapest, 2019.<br \/>\n<a href=\"https:\/\/www.youtube.com\/watch?v=T70_rEZ4Ib8\" target=\"_blank\" rel=\"noopener\">100 legjobb fot\u00f3 2017-ben<\/a>\u00a0 2:28-n\u00e1l \u00a0 \u00a0 35Awards, 2018.<\/span><br \/>\n<a id=\"js_y6\" href=\"https:\/\/www.facebook.com\/merszklub\/videos\/1003887969767831\/UzpfSTU1NDAyNzYyMTQyMDUzNzoxMDAzOTA3NjI2NDMyNTMy\/\" target=\"_blank\" rel=\"noopener\" data-hovercard=\"\/ajax\/hovercard\/event.php?id=150439525642195\" aria-controls=\"js_y4\" aria-haspopup=\"true\" aria-describedby=\"js_y5\"><span class=\" _50f7\">sz\u00f6veg \u00e9s vet\u00edt\u00e9s<\/span><\/a><span class=\" _50f7\">\u00a0 \u00a0 \u00a0\u00a0<span style=\"color: #999999;\">Halsz\u00e1joptika M\u0171hely II.,\u00a0<\/span><\/span><span style=\"color: #999999;\">MERSZ klub, Budapest, 2018.<br \/>\n<\/span><\/p>\n<p>&nbsp;<\/p>\n<p style=\"text-align: center;\"><span id=\"result_box\" class=\"\" lang=\"en\" style=\"color: #999999;\">&#8230;<\/span><\/p>\n<p>&nbsp;<\/p>\n<p class=\"p1\"><em><span class=\"s1\">My name is Renata Icsu. I was born in 1979, in Hajd\u00fan\u00e1n\u00e1s, in Hungary. I grew up in Polg\u00e1r which is a little town in Hajd\u00fa-Bihar county. <\/span><\/em><\/p>\n<p class=\"p1\"><em><span class=\"s1\">If I could have drawn better I could have studied to be a ceramist after primary school. However, I had studied to be a \u201chigh-school student\u201d, an executive secretary, and an economic informatics.<\/span><\/em><\/p>\n<p class=\"p1\"><em><span class=\"s1\">Then I got economist degree but nothing serious, only marketing.<\/span><\/em><\/p>\n<p class=\"p1\"><em><span class=\"s1\">I was a trainee at an advertising agency, I tried to be a marketing manager in a panel-house office, but I didn&#8217;t like neither of them. My creative spirit rebelled against the oppression. I wanted to be a graphic designer. After some learning and a lot of practice, I became that.<\/span><\/em><\/p>\n<p class=\"p1\"><em><span class=\"s1\">I could be a furniture designer too. I also have a qualification for that.<br \/>\n<\/span><\/em><\/p>\n<p class=\"p1\"><em><span class=\"s1\">My brother is the reason that I take photos too.<span class=\"Apple-converted-space\"> I<\/span>n early 2016 gave me his 400D. I learned to use it. I learned to take photos. I photographed everything. But something was not right.<\/span><\/em><\/p>\n<p class=\"p1\"><em><span class=\"s1\">During the MOME (<\/span><span class=\"s2\">Moholy-Nagy University of Art and Design, Budapest<\/span><span class=\"s1\">) photography course it turned out that I was not photographing what I was interested in. I&#8217;m interested in the shocking, the thought provoking, and above normal reality (of course not all my pictures are like this). And these photos become even more interesting, that I&#8217;m not compose them with a photo editor. Because this way is so easy.<\/span><\/em> <em><span class=\"s1\">I retouch them (one more, the other less), but I don\u2019t place or remove the major elements.<\/span><\/em><\/p>\n<p class=\"p1\"><em><span class=\"s1\">And I don&#8217;t like photographing others. I&#8217;m embarrassed in front of others. I&#8217;m sure, I&#8217;m embarrassed somewhere now. That&#8217;s why I take photos alone, most of the time. Alone, myself. Maybe I will take pictures of others someday, but not yet.<\/span><\/em><\/p>\n<p><em>I am not a photographer. <\/em><em>I am a graphic designer. <\/em><em>Or rather, a publication editor. <\/em><em>And an image editor. <\/em><em>But neither of those really. <\/em><em>I don&#8217;t know what I am, <\/em><em>but one thing is certain: In addition to these, I also take photos.<\/em><\/p>\n<p>&nbsp;<\/p>\n<p>&nbsp;<\/p>\n","protected":false},"excerpt":{"rendered":"<p>(english below) &nbsp; Icsu Ren\u00e1ta vagyok. 1979-ben sz\u00fclettem Hajd\u00fan\u00e1n\u00e1son. A Hajd\u00fa-Bihar megyei Polg\u00e1ron n\u0151ttem fel&#8230;.<\/p>\n","protected":false},"author":1,"featured_media":0,"parent":0,"menu_order":0,"comment_status":"closed","ping_status":"closed","template":"","meta":[],"_links":{"self":[{"href":"https:\/\/www.icsurenata.hu\/index.php\/wp-json\/wp\/v2\/pages\/809"}],"collection":[{"href":"https:\/\/www.icsurenata.hu\/index.php\/wp-json\/wp\/v2\/pages"}],"about":[{"href":"https:\/\/www.icsurenata.hu\/index.php\/wp-json\/wp\/v2\/types\/page"}],"author":[{"embeddable":true,"href":"https:\/\/www.icsurenata.hu\/index.php\/wp-json\/wp\/v2\/users\/1"}],"replies":[{"embeddable":true,"href":"https:\/\/www.icsurenata.hu\/index.php\/wp-json\/wp\/v2\/comments?post=809"}],"version-history":[{"count":306,"href":"https:\/\/www.icsurenata.hu\/index.php\/wp-json\/wp\/v2\/pages\/809\/revisions"}],"predecessor-version":[{"id":5260,"href":"https:\/\/www.icsurenata.hu\/index.php\/wp-json\/wp\/v2\/pages\/809\/revisions\/5260"}],"wp:attachment":[{"href":"https:\/\/www.icsurenata.hu\/index.php\/wp-json\/wp\/v2\/media?parent=809"}],"curies":[{"name":"wp","href":"https:\/\/api.w.org\/{rel}","templated":true}]}}